{"id":625,"date":"2024-04-21T09:06:41","date_gmt":"2024-04-21T09:06:41","guid":{"rendered":"https:\/\/lunax.keystonedemo.xyz\/?page_id=625"},"modified":"2024-09-05T10:43:19","modified_gmt":"2024-09-05T10:43:19","slug":"contact","status":"publish","type":"page","link":"https:\/\/buypowermta.shop\/es\/contacto\/","title":{"rendered":"Contacto"},"content":{"rendered":"<div data-elementor-type=\"wp-page\" data-elementor-id=\"625\" class=\"elementor elementor-625\">\n\t\t\t\t<div class=\"elementor-element elementor-element-95ff0b4 e-flex e-con-boxed stonex-custom-animation-no e-con e-parent\" data-id=\"95ff0b4\" data-element_type=\"container\" data-settings=\"{&quot;background_background&quot;:&quot;gradient&quot;,&quot;stonex_animation_on&quot;:&quot;no&quot;}\">\n\t\t\t\t\t<div class=\"e-con-inner\">\n\t\t<div class=\"elementor-element elementor-element-5036024 e-con-full e-flex stonex-custom-animation-no elementor-invisible e-con e-child\" data-id=\"5036024\" data-element_type=\"container\" data-settings=\"{&quot;animation&quot;:&quot;fadeIn&quot;,&quot;stonex_animation_on&quot;:&quot;no&quot;}\">\n\t\t\t\t<div class=\"elementor-element elementor-element-425e950 STONEX-addons-sticky-no elementor-widget elementor-widget-heading\" data-id=\"425e950\" data-element_type=\"widget\" data-settings=\"{&quot;stonex_sticky&quot;:&quot;no&quot;}\" data-widget_type=\"heading.default\">\n\t\t\t\t<div class=\"elementor-widget-container\">\n\t\t\t<style>\/*! elementor - v3.23.0 - 05-08-2024 *\/\n.elementor-heading-title{padding:0;margin:0;line-height:1}.elementor-widget-heading .elementor-heading-title[class*=elementor-size-]>a{color:inherit;font-size:inherit;line-height:inherit}.elementor-widget-heading .elementor-heading-title.elementor-size-small{font-size:15px}.elementor-widget-heading .elementor-heading-title.elementor-size-medium{font-size:19px}.elementor-widget-heading .elementor-heading-title.elementor-size-large{font-size:29px}.elementor-widget-heading .elementor-heading-title.elementor-size-xl{font-size:39px}.elementor-widget-heading .elementor-heading-title.elementor-size-xxl{font-size:59px}<\/style><h6 class=\"elementor-heading-title elementor-size-default\">Cont\u00e1ctenos<\/h6>\t\t<\/div>\n\t\t\t\t<\/div>\n\t\t\t\t<div class=\"elementor-element elementor-element-f6f8fbc STONEX-addons-sticky-no elementor-widget elementor-widget-heading\" data-id=\"f6f8fbc\" data-element_type=\"widget\" data-settings=\"{&quot;stonex_sticky&quot;:&quot;no&quot;}\" data-widget_type=\"heading.default\">\n\t\t\t\t<div class=\"elementor-widget-container\">\n\t\t\t<h2 class=\"elementor-heading-title elementor-size-default\">Get in touch for instant support<\/h2>\t\t<\/div>\n\t\t\t\t<\/div>\n\t\t<div class=\"elementor-element elementor-element-e15f9aa e-con-full e-flex stonex-custom-animation-no e-con e-child\" data-id=\"e15f9aa\" data-element_type=\"container\" data-settings=\"{&quot;stonex_animation_on&quot;:&quot;no&quot;}\">\n\t\t\t\t<div class=\"elementor-element elementor-element-0ad7703 stonex-size-default STONEX-addons-sticky-no elementor-widget elementor-widget-text-editor\" data-id=\"0ad7703\" data-element_type=\"widget\" data-settings=\"{&quot;stonex_sticky&quot;:&quot;no&quot;}\" data-widget_type=\"text-editor.default\">\n\t\t\t\t<div class=\"elementor-widget-container\">\n\t\t\t<style>\/*! elementor - v3.23.0 - 05-08-2024 *\/\n.elementor-widget-text-editor.elementor-drop-cap-view-stacked .elementor-drop-cap{background-color:#69727d;color:#fff}.elementor-widget-text-editor.elementor-drop-cap-view-framed .elementor-drop-cap{color:#69727d;border:3px solid;background-color:transparent}.elementor-widget-text-editor:not(.elementor-drop-cap-view-default) .elementor-drop-cap{margin-top:8px}.elementor-widget-text-editor:not(.elementor-drop-cap-view-default) .elementor-drop-cap-letter{width:1em;height:1em}.elementor-widget-text-editor .elementor-drop-cap{float:left;text-align:center;line-height:1;font-size:50px}.elementor-widget-text-editor .elementor-drop-cap-letter{display:inline-block}<\/style>\t\t\t\t<p>If you are facing issue with anything like powermta buying, PowerMTA license file, PowerMTA installation, Email delivery etc.Get in touch we will help you.<\/p>\t\t\t\t\t\t<\/div>\n\t\t\t\t<\/div>\n\t\t\t\t<\/div>\n\t\t\t\t<\/div>\n\t\t<div class=\"elementor-element elementor-element-e6b5501 e-con-full e-flex stonex-custom-animation-no elementor-invisible e-con e-child\" data-id=\"e6b5501\" data-element_type=\"container\" data-settings=\"{&quot;animation&quot;:&quot;fadeIn&quot;,&quot;stonex_animation_on&quot;:&quot;no&quot;}\">\n\t\t\t\t<div class=\"elementor-element elementor-element-0557a3d STONEX-addons-sticky-no elementor-widget elementor-widget-image\" data-id=\"0557a3d\" data-element_type=\"widget\" data-settings=\"{&quot;stonex_sticky&quot;:&quot;no&quot;}\" data-widget_type=\"image.default\">\n\t\t\t\t<div class=\"elementor-widget-container\">\n\t\t\t<style>\/*! elementor - v3.23.0 - 05-08-2024 *\/\n.elementor-widget-image{text-align:center}.elementor-widget-image a{display:inline-block}.elementor-widget-image a img[src$=\".svg\"]{width:48px}.elementor-widget-image img{vertical-align:middle;display:inline-block}<\/style>\t\t\t\t\t\t\t\t\t\t<img fetchpriority=\"high\" decoding=\"async\" width=\"640\" height=\"354\" src=\"https:\/\/buypowermta.shop\/wp-content\/uploads\/2024\/09\/Contact-Us-Page-Examples-1024x567.jpg\" class=\"attachment-large size-large wp-image-2147\" alt=\"\" srcset=\"https:\/\/buypowermta.shop\/wp-content\/uploads\/2024\/09\/Contact-Us-Page-Examples-1024x567.jpg 1024w, https:\/\/buypowermta.shop\/wp-content\/uploads\/2024\/09\/Contact-Us-Page-Examples-300x166.jpg 300w, https:\/\/buypowermta.shop\/wp-content\/uploads\/2024\/09\/Contact-Us-Page-Examples-768x425.jpg 768w, https:\/\/buypowermta.shop\/wp-content\/uploads\/2024\/09\/Contact-Us-Page-Examples-1536x851.jpg 1536w, https:\/\/buypowermta.shop\/wp-content\/uploads\/2024\/09\/Contact-Us-Page-Examples-18x10.jpg 18w, https:\/\/buypowermta.shop\/wp-content\/uploads\/2024\/09\/Contact-Us-Page-Examples.jpg 2000w\" sizes=\"(max-width: 640px) 100vw, 640px\" \/>\t\t\t\t\t\t\t\t\t\t\t\t\t<\/div>\n\t\t\t\t<\/div>\n\t\t\t\t<\/div>\n\t\t\t\t\t<\/div>\n\t\t\t\t<\/div>\n\t\t<div class=\"elementor-element elementor-element-af46c31 e-flex e-con-boxed stonex-custom-animation-no e-con e-parent\" data-id=\"af46c31\" data-element_type=\"container\" data-settings=\"{&quot;background_background&quot;:&quot;classic&quot;,&quot;stonex_animation_on&quot;:&quot;no&quot;}\">\n\t\t\t\t\t<div class=\"e-con-inner\">\n\t\t<div class=\"elementor-element elementor-element-cc6233b e-con-full e-flex stonex-custom-animation-no e-con e-child\" data-id=\"cc6233b\" data-element_type=\"container\" data-settings=\"{&quot;stonex_animation_on&quot;:&quot;no&quot;}\">\n\t\t<div class=\"elementor-element elementor-element-9bffeff e-con-full e-flex stonex-custom-animation-no elementor-invisible e-con e-child\" data-id=\"9bffeff\" data-element_type=\"container\" data-settings=\"{&quot;animation&quot;:&quot;fadeIn&quot;,&quot;stonex_animation_on&quot;:&quot;no&quot;}\">\n\t\t\t\t<div class=\"elementor-element elementor-element-48c5f03 STONEX-addons-sticky-no elementor-widget elementor-widget-heading\" data-id=\"48c5f03\" data-element_type=\"widget\" data-settings=\"{&quot;stonex_sticky&quot;:&quot;no&quot;}\" data-widget_type=\"heading.default\">\n\t\t\t\t<div class=\"elementor-widget-container\">\n\t\t\t<h6 class=\"elementor-heading-title elementor-size-default\">Cont\u00e1ctenos<\/h6>\t\t<\/div>\n\t\t\t\t<\/div>\n\t\t\t\t<div class=\"elementor-element elementor-element-4720712 STONEX-addons-sticky-no elementor-widget elementor-widget-heading\" data-id=\"4720712\" data-element_type=\"widget\" data-settings=\"{&quot;stonex_sticky&quot;:&quot;no&quot;}\" data-widget_type=\"heading.default\">\n\t\t\t\t<div class=\"elementor-widget-container\">\n\t\t\t<h2 class=\"elementor-heading-title elementor-size-default\">Let\u2019s us help you.<\/h2>\t\t<\/div>\n\t\t\t\t<\/div>\n\t\t<div class=\"elementor-element elementor-element-a986754 e-con-full e-flex stonex-custom-animation-no e-con e-child\" data-id=\"a986754\" data-element_type=\"container\" data-settings=\"{&quot;stonex_animation_on&quot;:&quot;no&quot;}\">\n\t\t\t\t<div class=\"elementor-element elementor-element-e978ce0 stonex-size-default STONEX-addons-sticky-no elementor-widget elementor-widget-text-editor\" data-id=\"e978ce0\" data-element_type=\"widget\" data-settings=\"{&quot;stonex_sticky&quot;:&quot;no&quot;}\" data-widget_type=\"text-editor.default\">\n\t\t\t\t<div class=\"elementor-widget-container\">\n\t\t\t\t\t\t\t<p>Para garantizar que su sitio web sea f\u00e1cil de usar y est\u00e9 optimizado para el algoritmo de Google, nuestros expertos en optimizaci\u00f3n en el sitio limpian el c\u00f3digo y la copia.<\/p>\t\t\t\t\t\t<\/div>\n\t\t\t\t<\/div>\n\t\t\t\t<\/div>\n\t\t\t\t<\/div>\n\t\t\t\t<\/div>\n\t\t<div class=\"elementor-element elementor-element-e67c456 e-con-full e-flex stonex-custom-animation-no e-con e-child\" data-id=\"e67c456\" data-element_type=\"container\" data-settings=\"{&quot;stonex_animation_on&quot;:&quot;no&quot;}\">\n\t\t<div class=\"elementor-element elementor-element-d4e935f e-con-full e-flex stonex-custom-animation-no elementor-invisible e-con e-child\" data-id=\"d4e935f\" data-element_type=\"container\" data-settings=\"{&quot;animation&quot;:&quot;fadeIn&quot;,&quot;stonex_animation_on&quot;:&quot;no&quot;}\">\n\t\t<div class=\"elementor-element elementor-element-0da3001 e-con-full e-flex stonex-custom-animation-no e-con e-child\" data-id=\"0da3001\" data-element_type=\"container\" data-settings=\"{&quot;stonex_animation_on&quot;:&quot;no&quot;}\">\n\t\t\t\t<div class=\"elementor-element elementor-element-2f3cefb STONEX-addons-sticky-no elementor-widget elementor-widget-heading\" data-id=\"2f3cefb\" data-element_type=\"widget\" data-settings=\"{&quot;stonex_sticky&quot;:&quot;no&quot;}\" data-widget_type=\"heading.default\">\n\t\t\t\t<div class=\"elementor-widget-container\">\n\t\t\t<h2 class=\"elementor-heading-title elementor-size-default\">No dudes en contactarnos<\/h2>\t\t<\/div>\n\t\t\t\t<\/div>\n\t\t\t\t<div class=\"elementor-element elementor-element-64cd713 stonex-size-default STONEX-addons-sticky-no elementor-widget elementor-widget-text-editor\" data-id=\"64cd713\" data-element_type=\"widget\" data-settings=\"{&quot;stonex_sticky&quot;:&quot;no&quot;}\" data-widget_type=\"text-editor.default\">\n\t\t\t\t<div class=\"elementor-widget-container\">\n\t\t\t\t\t\t\t<p>If you facing anything relation of PowerMTA site or Powermta Software, Let us know We will help you.<\/p>\t\t\t\t\t\t<\/div>\n\t\t\t\t<\/div>\n\t\t\t\t<\/div>\n\t\t<div class=\"elementor-element elementor-element-e035a2c e-con-full e-flex stonex-custom-animation-no e-con e-child\" data-id=\"e035a2c\" data-element_type=\"container\" data-settings=\"{&quot;stonex_animation_on&quot;:&quot;no&quot;}\">\n\t\t\t\t<div class=\"elementor-element elementor-element-e64ec39 elementor-view-stacked elementor-position-left elementor-mobile-position-left elementor-shape-circle elementor-vertical-align-top STONEX-addons-sticky-no elementor-widget elementor-widget-icon-box\" data-id=\"e64ec39\" data-element_type=\"widget\" data-settings=\"{&quot;stonex_sticky&quot;:&quot;no&quot;}\" data-widget_type=\"icon-box.default\">\n\t\t\t\t<div class=\"elementor-widget-container\">\n\t\t\t<link rel=\"stylesheet\" href=\"https:\/\/buypowermta.shop\/wp-content\/plugins\/elementor\/assets\/css\/widget-icon-box.min.css\">\t\t<div class=\"elementor-icon-box-wrapper\">\n\n\t\t\t\t\t\t<div class=\"elementor-icon-box-icon\">\n\t\t\t\t<span  class=\"elementor-icon elementor-animation-\">\n\t\t\t\t<svg aria-hidden=\"true\" class=\"e-font-icon-svg e-fas-phone-alt\" viewbox=\"0 0 512 512\" xmlns=\"http:\/\/www.w3.org\/2000\/svg\"><path d=\"M497.39 361.8l-112-48a24 24 0 0 0-28 6.9l-49.6 60.6A370.66 370.66 0 0 1 130.6 204.11l60.6-49.6a23.94 23.94 0 0 0 6.9-28l-48-112A24.16 24.16 0 0 0 122.6.61l-104 24A24 24 0 0 0 0 48c0 256.5 207.9 464 464 464a24 24 0 0 0 23.4-18.6l24-104a24.29 24.29 0 0 0-14.01-27.6z\"><\/path><\/svg>\t\t\t\t<\/span>\n\t\t\t<\/div>\n\t\t\t\n\t\t\t\t\t\t<div class=\"elementor-icon-box-content\">\n\n\t\t\t\t\t\t\t\t\t<h3 class=\"elementor-icon-box-title\">\n\t\t\t\t\t\t<span  >\n\t\t\t\t\t\t\tSkype Vikash.kumar2345\t\t\t\t\t\t<\/span>\n\t\t\t\t\t<\/h3>\n\t\t\t\t\n\t\t\t\t\t\t\t\t\t<p class=\"elementor-icon-box-description\">\n\t\t\t\t\t\tTel\u00e9fono\t\t\t\t\t<\/p>\n\t\t\t\t\n\t\t\t<\/div>\n\t\t\t\n\t\t<\/div>\n\t\t\t\t<\/div>\n\t\t\t\t<\/div>\n\t\t\t\t<div class=\"elementor-element elementor-element-ea93ca7 elementor-view-stacked elementor-position-left elementor-mobile-position-left elementor-shape-circle elementor-vertical-align-top STONEX-addons-sticky-no elementor-widget elementor-widget-icon-box\" data-id=\"ea93ca7\" data-element_type=\"widget\" data-settings=\"{&quot;stonex_sticky&quot;:&quot;no&quot;}\" data-widget_type=\"icon-box.default\">\n\t\t\t\t<div class=\"elementor-widget-container\">\n\t\t\t\t\t<div class=\"elementor-icon-box-wrapper\">\n\n\t\t\t\t\t\t<div class=\"elementor-icon-box-icon\">\n\t\t\t\t<span  class=\"elementor-icon elementor-animation-\">\n\t\t\t\t<svg aria-hidden=\"true\" class=\"e-font-icon-svg e-fas-envelope\" viewbox=\"0 0 512 512\" xmlns=\"http:\/\/www.w3.org\/2000\/svg\"><path d=\"M502.3 190.8c3.9-3.1 9.7-.2 9.7 4.7V400c0 26.5-21.5 48-48 48H48c-26.5 0-48-21.5-48-48V195.6c0-5 5.7-7.8 9.7-4.7 22.4 17.4 52.1 39.5 154.1 113.6 21.1 15.4 56.7 47.8 92.2 47.6 35.7.3 72-32.8 92.3-47.6 102-74.1 131.6-96.3 154-113.7zM256 320c23.2.4 56.6-29.2 73.4-41.4 132.7-96.3 142.8-104.7 173.4-128.7 5.8-4.5 9.2-11.5 9.2-18.9v-19c0-26.5-21.5-48-48-48H48C21.5 64 0 85.5 0 112v19c0 7.4 3.4 14.3 9.2 18.9 30.6 23.9 40.7 32.4 173.4 128.7 16.8 12.2 50.2 41.8 73.4 41.4z\"><\/path><\/svg>\t\t\t\t<\/span>\n\t\t\t<\/div>\n\t\t\t\n\t\t\t\t\t\t<div class=\"elementor-icon-box-content\">\n\n\t\t\t\t\t\t\t\t\t<h3 class=\"elementor-icon-box-title\">\n\t\t\t\t\t\t<span  >\n\t\t\t\t\t\t\tadmin@buypowermta.shop\t\t\t\t\t\t<\/span>\n\t\t\t\t\t<\/h3>\n\t\t\t\t\n\t\t\t\t\t\t\t\t\t<p class=\"elementor-icon-box-description\">\n\t\t\t\t\t\tCorreo electr\u00f3nico\t\t\t\t\t<\/p>\n\t\t\t\t\n\t\t\t<\/div>\n\t\t\t\n\t\t<\/div>\n\t\t\t\t<\/div>\n\t\t\t\t<\/div>\n\t\t\t\t<div class=\"elementor-element elementor-element-bd2091c elementor-view-stacked elementor-position-left elementor-mobile-position-left elementor-vertical-align-top elementor-shape-circle elementor-vertical-align-top STONEX-addons-sticky-no elementor-widget elementor-widget-icon-box\" data-id=\"bd2091c\" data-element_type=\"widget\" data-settings=\"{&quot;stonex_sticky&quot;:&quot;no&quot;}\" data-widget_type=\"icon-box.default\">\n\t\t\t\t<div class=\"elementor-widget-container\">\n\t\t\t\t\t<div class=\"elementor-icon-box-wrapper\">\n\n\t\t\t\t\t\t<div class=\"elementor-icon-box-icon\">\n\t\t\t\t<span  class=\"elementor-icon elementor-animation-\">\n\t\t\t\t<svg aria-hidden=\"true\" class=\"e-font-icon-svg e-fas-phone-alt\" viewbox=\"0 0 512 512\" xmlns=\"http:\/\/www.w3.org\/2000\/svg\"><path d=\"M497.39 361.8l-112-48a24 24 0 0 0-28 6.9l-49.6 60.6A370.66 370.66 0 0 1 130.6 204.11l60.6-49.6a23.94 23.94 0 0 0 6.9-28l-48-112A24.16 24.16 0 0 0 122.6.61l-104 24A24 24 0 0 0 0 48c0 256.5 207.9 464 464 464a24 24 0 0 0 23.4-18.6l24-104a24.29 24.29 0 0 0-14.01-27.6z\"><\/path><\/svg>\t\t\t\t<\/span>\n\t\t\t<\/div>\n\t\t\t\n\t\t\t\t\t\t<div class=\"elementor-icon-box-content\">\n\n\t\t\t\t\t\t\t\t\t<h3 class=\"elementor-icon-box-title\">\n\t\t\t\t\t\t<span  >\n\t\t\t\t\t\t\tTelegram : Codermails\t\t\t\t\t\t<\/span>\n\t\t\t\t\t<\/h3>\n\t\t\t\t\n\t\t\t\t\t\t\t\t\t<p class=\"elementor-icon-box-description\">\n\t\t\t\t\t\tDIRECCI\u00d3N\t\t\t\t\t<\/p>\n\t\t\t\t\n\t\t\t<\/div>\n\t\t\t\n\t\t<\/div>\n\t\t\t\t<\/div>\n\t\t\t\t<\/div>\n\t\t\t\t<\/div>\n\t\t\t\t<\/div>\n\t\t<div class=\"elementor-element elementor-element-da75201 e-con-full e-flex stonex-custom-animation-no elementor-invisible e-con e-child\" data-id=\"da75201\" data-element_type=\"container\" data-settings=\"{&quot;animation&quot;:&quot;fadeIn&quot;,&quot;stonex_animation_on&quot;:&quot;no&quot;}\">\n\t\t\t\t<div class=\"elementor-element elementor-element-2e906dd STONEX-addons-sticky-no elementor-widget elementor-widget-borderless-elementor-contact-form-7\" data-id=\"2e906dd\" data-element_type=\"widget\" data-settings=\"{&quot;stonex_sticky&quot;:&quot;no&quot;}\" data-widget_type=\"borderless-elementor-contact-form-7.default\">\n\t\t\t\t<div class=\"elementor-widget-container\">\n\t\t\t\t\t\t<div class=\"borderless-elementor-contact-form-7-widget\">\n\t\t\t\t<div class=\"borderless-elementor-contact-form-7\" contact-form-7-id=\"1434\">\n\t\t\t\t\n<div class=\"wpcf7 no-js\" id=\"wpcf7-f1434-o1\" lang=\"en-US\" dir=\"ltr\">\n<div class=\"screen-reader-response\"><p role=\"status\" aria-live=\"polite\" aria-atomic=\"true\"><\/p> <ul><\/ul><\/div>\n<form action=\"\/es\/wp-json\/wp\/v2\/pages\/625#wpcf7-f1434-o1\" method=\"post\" class=\"wpcf7-form init\" aria-label=\"Contact form\" novalidate=\"novalidate\" data-status=\"init\" data-trp-original-action=\"\/es\/wp-json\/wp\/v2\/pages\/625#wpcf7-f1434-o1\">\n<div style=\"display: none;\">\n<input type=\"hidden\" name=\"_wpcf7\" value=\"1434\" \/>\n<input type=\"hidden\" name=\"_wpcf7_version\" value=\"5.9.8\" \/>\n<input type=\"hidden\" name=\"_wpcf7_locale\" value=\"en_US\" \/>\n<input type=\"hidden\" name=\"_wpcf7_unit_tag\" value=\"wpcf7-f1434-o1\" \/>\n<input type=\"hidden\" name=\"_wpcf7_container_post\" value=\"0\" \/>\n<input type=\"hidden\" name=\"_wpcf7_posted_data_hash\" value=\"\" \/>\n<\/div>\n<p><label> Su nombre<br \/>\n<span class=\"wpcf7-form-control-wrap\" data-name=\"your-name\"><input size=\"40\" maxlength=\"400\" class=\"wpcf7-form-control wpcf7-text wpcf7-validates-as-required\" autocomplete=\"name\" aria-required=\"true\" aria-invalid=\"false\" value=\"\" type=\"text\" name=\"your-name\" \/><\/span> <\/label>\n<\/p>\n<p><label> Tu correo electr\u00f3nico<br \/>\n<span class=\"wpcf7-form-control-wrap\" data-name=\"your-email\"><input size=\"40\" maxlength=\"400\" class=\"wpcf7-form-control wpcf7-email wpcf7-validates-as-required wpcf7-text wpcf7-validates-as-email\" autocomplete=\"email\" aria-required=\"true\" aria-invalid=\"false\" value=\"\" type=\"email\" name=\"your-email\" \/><\/span> <\/label>\n<\/p>\n<p><label> Sujeto<br \/>\n<span class=\"wpcf7-form-control-wrap\" data-name=\"your-subject\"><input size=\"40\" maxlength=\"400\" class=\"wpcf7-form-control wpcf7-text wpcf7-validates-as-required\" aria-required=\"true\" aria-invalid=\"false\" value=\"\" type=\"text\" name=\"your-subject\" \/><\/span> <\/label>\n<\/p>\n<p><label> Tu mensaje (opcional)<br \/>\n<span class=\"wpcf7-form-control-wrap\" data-name=\"your-message\"><textarea cols=\"40\" rows=\"10\" maxlength=\"2000\" class=\"wpcf7-form-control wpcf7-textarea\" aria-invalid=\"false\" name=\"your-message\"><\/textarea><\/span> <\/label>\n<\/p>\n<p><input class=\"wpcf7-form-control wpcf7-submit has-spinner\" type=\"submit\" value=\"Entregar\" \/>\n<\/p><div class=\"wpcf7-response-output\" aria-hidden=\"true\"><\/div>\n<input type=\"hidden\" name=\"trp-form-language\" value=\"es\"\/><\/form>\n<\/div>\n   \n\t\t\t\t<\/div>  \n\t\t\t<\/div>\n    \t\t\t<\/div>\n\t\t\t\t<\/div>\n\t\t\t\t<\/div>\n\t\t\t\t<\/div>\n\t\t\t\t\t<\/div>\n\t\t\t\t<\/div>\n\t\t<div class=\"elementor-element elementor-element-03f5b67 e-con-full e-flex stonex-custom-animation-no elementor-invisible e-con e-parent\" data-id=\"03f5b67\" data-element_type=\"container\" data-settings=\"{&quot;background_background&quot;:&quot;classic&quot;,&quot;animation&quot;:&quot;fadeIn&quot;,&quot;stonex_animation_on&quot;:&quot;no&quot;}\">\n\t\t<div class=\"elementor-element elementor-element-60c490f e-con-full e-flex stonex-custom-animation-no e-con e-child\" data-id=\"60c490f\" data-element_type=\"container\" data-settings=\"{&quot;stonex_animation_on&quot;:&quot;no&quot;}\">\n\t\t\t\t<div class=\"elementor-element elementor-element-650d8f3 STONEX-addons-sticky-no elementor-widget elementor-widget-google_maps\" data-id=\"650d8f3\" data-element_type=\"widget\" data-settings=\"{&quot;stonex_sticky&quot;:&quot;no&quot;}\" data-widget_type=\"google_maps.default\">\n\t\t\t\t<div class=\"elementor-widget-container\">\n\t\t\t<style>\/*! elementor - v3.23.0 - 05-08-2024 *\/\n.elementor-widget-google_maps .elementor-widget-container{overflow:hidden}.elementor-widget-google_maps .elementor-custom-embed{line-height:0}.elementor-widget-google_maps iframe{height:300px}<\/style>\t\t<div class=\"elementor-custom-embed\">\n\t\t\t<iframe loading=\"lazy\"\n\t\t\t\t\tsrc=\"https:\/\/maps.google.com\/maps?q=London%20Eye%2C%20London%2C%20United%20Kingdom&#038;t=m&#038;z=10&#038;output=embed&#038;iwloc=near\"\n\t\t\t\t\ttitle=\"London Eye, Londres, Reino Unido\"\n\t\t\t\t\taria-label=\"London Eye, Londres, Reino Unido\"\n\t\t\t><\/iframe>\n\t\t<\/div>\n\t\t\t\t<\/div>\n\t\t\t\t<\/div>\n\t\t\t\t<\/div>\n\t\t\t\t<\/div>\n\t\t\t\t<\/div>","protected":false},"excerpt":{"rendered":"<p>Contact us Get in touch for instant support If you are facing issue with anything like powermta buying, PowerMTA license file, PowerMTA installation, Email delivery<\/p>","protected":false},"author":1,"featured_media":0,"parent":0,"menu_order":0,"comment_status":"closed","ping_status":"closed","template":"elementor_header_footer","meta":{"_seopress_robots_primary_cat":"","_seopress_titles_title":"","_seopress_titles_desc":"","_seopress_robots_index":"","inline_featured_image":false,"footnotes":""},"class_list":["post-625","page","type-page","status-publish","hentry"],"_links":{"self":[{"href":"https:\/\/buypowermta.shop\/es\/wp-json\/wp\/v2\/pages\/625","targetHints":{"allow":["GET"]}}],"collection":[{"href":"https:\/\/buypowermta.shop\/es\/wp-json\/wp\/v2\/pages"}],"about":[{"href":"https:\/\/buypowermta.shop\/es\/wp-json\/wp\/v2\/types\/page"}],"author":[{"embeddable":true,"href":"https:\/\/buypowermta.shop\/es\/wp-json\/wp\/v2\/users\/1"}],"replies":[{"embeddable":true,"href":"https:\/\/buypowermta.shop\/es\/wp-json\/wp\/v2\/comments?post=625"}],"version-history":[{"count":4,"href":"https:\/\/buypowermta.shop\/es\/wp-json\/wp\/v2\/pages\/625\/revisions"}],"predecessor-version":[{"id":2150,"href":"https:\/\/buypowermta.shop\/es\/wp-json\/wp\/v2\/pages\/625\/revisions\/2150"}],"wp:attachment":[{"href":"https:\/\/buypowermta.shop\/es\/wp-json\/wp\/v2\/media?parent=625"}],"curies":[{"name":"wp","href":"https:\/\/api.w.org\/{rel}","templated":true}]}}